{"id":30,"date":"2025-09-30T12:24:59","date_gmt":"2025-09-30T12:24:59","guid":{"rendered":"https:\/\/mrs.co.mz\/?page_id=30"},"modified":"2025-10-09T19:57:03","modified_gmt":"2025-10-09T17:57:03","slug":"sobre-nos","status":"publish","type":"page","link":"https:\/\/mrs.co.mz\/index.php\/sobre-nos\/","title":{"rendered":"Sobre n\u00f3s"},"content":{"rendered":"\n<p><strong>Sobre M.R.S (Vis\u00e3o, Miss\u00e3o Valores)<\/strong><\/p>\n\n\n\n<p>Somos uma empresa de Recursos Humanos, especializada em outsourcing, recrutamento e sele\u00e7\u00e3o, dedicada a conectar as melhores oportunidades de mercado aos profissionais mais qualificados. Nosso objetivo \u00e9 contribuir para o crescimento sustent\u00e1vel das organiza\u00e7\u00f5es, otimizar os processos de contrata\u00e7\u00e3o das empresas, garantindo assertividade e rapidez na escolha dos candidatos ideais para cada vaga<\/p>\n\n\n\n<p><strong>Miss\u00e3o<\/strong><\/p>\n\n\n\n<p>Ajudar empresas a crescer atrav\u00e9s de talentos excepcionais, conectando-as com os melhores profissionais do mercado, promovendo oportunidades que gerem valor para ambas as partes.<\/p>\n\n\n\n<p><strong>Vis\u00e3o<\/strong><\/p>\n\n\n\n<p>Ser refer\u00eancia em recrutamento e sele\u00e7\u00e3o, reconhecida pela qualidade de nossos processos e pela excel\u00eancia no relacionamento com clientes e candidatos.<\/p>\n\n\n\n<p><strong>Valores<\/strong><\/p>\n\n\n\n<p>Compromisso com Resultados<\/p>\n\n\n\n<h6 class=\"wp-block-heading\"><\/h6>\n\n\n\n<h6 class=\"wp-block-heading\">Focamos na entrega de solu\u00e7\u00f5es de recrutamento eficazes e \u00e1geis<\/h6>\n\n\n\n<h5 class=\"wp-block-heading\">\u00c9tica e transparencia<\/h5>\n\n\n\n<h6 class=\"wp-block-heading\"><\/h6>\n\n\n\n<h6 class=\"wp-block-heading\">Prezamos pela integridade em todas as etapas do processo<\/h6>\n\n\n\n<p>Foco no Cliente<\/p>\n\n\n\n<h6 class=\"wp-block-heading\"><strong>Colocamos as necessidades dos nossos clientes no centro de nossas a\u00e7\u00f5es<\/strong><\/h6>\n\n\n\n<p>Inova\u00e7\u00e3o<\/p>\n\n\n\n<h6 class=\"wp-block-heading\">Utilizamos tecnologia e ferramentas modernas para aprimorar nossos processos seletivos<\/h6>\n","protected":false},"excerpt":{"rendered":"<p>Sobre M.R.S (Vis\u00e3o, Miss\u00e3o Valores) Somos uma empresa de Recursos Humanos, especializada em outsourcing, recrutamento e sele\u00e7\u00e3o, dedicada a conectar as melhores oportunidades de mercado aos profissionais mais qualificados. Nosso objetivo \u00e9 contribuir para o crescimento sustent\u00e1vel das organiza\u00e7\u00f5es, otimizar os processos de contrata\u00e7\u00e3o das empresas, garantindo assertividade e rapidez na escolha dos candidatos ideais&#8230;<\/p>\n","protected":false},"author":2,"featured_media":0,"parent":0,"menu_order":0,"comment_status":"closed","ping_status":"closed","template":"","meta":{"pagelayer_contact_templates":[],"_pagelayer_content":"","footnotes":""},"class_list":["post-30","page","type-page","status-publish","hentry"],"_links":{"self":[{"href":"https:\/\/mrs.co.mz\/index.php\/wp-json\/wp\/v2\/pages\/30","targetHints":{"allow":["GET"]}}],"collection":[{"href":"https:\/\/mrs.co.mz\/index.php\/wp-json\/wp\/v2\/pages"}],"about":[{"href":"https:\/\/mrs.co.mz\/index.php\/wp-json\/wp\/v2\/types\/page"}],"author":[{"embeddable":true,"href":"https:\/\/mrs.co.mz\/index.php\/wp-json\/wp\/v2\/users\/2"}],"replies":[{"embeddable":true,"href":"https:\/\/mrs.co.mz\/index.php\/wp-json\/wp\/v2\/comments?post=30"}],"version-history":[{"count":2,"href":"https:\/\/mrs.co.mz\/index.php\/wp-json\/wp\/v2\/pages\/30\/revisions"}],"predecessor-version":[{"id":77,"href":"https:\/\/mrs.co.mz\/index.php\/wp-json\/wp\/v2\/pages\/30\/revisions\/77"}],"wp:attachment":[{"href":"https:\/\/mrs.co.mz\/index.php\/wp-json\/wp\/v2\/media?parent=30"}],"curies":[{"name":"wp","href":"https:\/\/api.w.org\/{rel}","templated":true}]}}