{"id":78,"date":"2025-10-09T20:00:01","date_gmt":"2025-10-09T18:00:01","guid":{"rendered":"https:\/\/mrs.co.mz\/?page_id=78"},"modified":"2025-10-09T20:00:01","modified_gmt":"2025-10-09T18:00:01","slug":"servicos","status":"publish","type":"page","link":"https:\/\/mrs.co.mz\/index.php\/servicos\/","title":{"rendered":"Servi\u00e7os"},"content":{"rendered":"\n<p>Abaixo est\u00e3o os nossos servi\u00e7os<br><\/p>\n\n\n\n<p class=\"has-big-font-size\"><strong>Consultoria em RH<\/strong><\/p>\n\n\n\n<p>Avalia\u00e7\u00e3o e diagn\u00f3stico de necessidades organizacionais.<\/p>\n\n\n\n<p>Desenvolvimento de pol\u00edticas de Recursos Humanos, como programas de benef\u00edcios, clima organizacional e estrat\u00e9gias de diversidade e inclus\u00e3o<\/p>\n\n\n\n<p>Oferecemos solu\u00e7\u00f5es de consultoria para a implementa\u00e7\u00e3o de boas pr\u00e1ticas de recrutamento, planejamento de carreira, desenvolvimento organizacional e reten\u00e7\u00e3o de talentos.<\/p>\n\n\n\n<p class=\"has-big-font-size\"><strong>Outsourcing<\/strong><\/p>\n\n\n\n<p>Gest\u00e3o completa de processos de RH, como folha de pagamento, recrutamento e gest\u00e3o de benef\u00edcios, Treinamento e Desenvolvimento, Gest\u00e3o de Desempenho e Carreira, Administra\u00e7\u00e3o de Contratos de Trabalho, Gest\u00e3o de Demiss\u00f5es e Rescis\u00f5es, An\u00e1lise de Clima Organizacional<\/p>\n\n\n\n<h6 class=\"wp-block-heading has-big-font-size\">Recrutamento e Sele\u00e7\u00e3o de Pessoal<\/h6>\n\n\n\n<p>Oferecemos um processo completo de recrutamento, da divulga\u00e7\u00e3o da vaga \u00e0 entrevista final, garantindo que apenas os melhores candidatos cheguem \u00e0 sua empresa<\/p>\n\n\n\n<p><\/p>\n","protected":false},"excerpt":{"rendered":"<p>Abaixo est\u00e3o os nossos servi\u00e7os Consultoria em RH Avalia\u00e7\u00e3o e diagn\u00f3stico de necessidades organizacionais. Desenvolvimento de pol\u00edticas de Recursos Humanos, como programas de benef\u00edcios, clima organizacional e estrat\u00e9gias de diversidade e inclus\u00e3o Oferecemos solu\u00e7\u00f5es de consultoria para a implementa\u00e7\u00e3o de boas pr\u00e1ticas de recrutamento, planejamento de carreira, desenvolvimento organizacional e reten\u00e7\u00e3o de talentos. Outsourcing Gest\u00e3o&#8230;<\/p>\n","protected":false},"author":2,"featured_media":0,"parent":0,"menu_order":0,"comment_status":"closed","ping_status":"closed","template":"","meta":{"pagelayer_contact_templates":[],"_pagelayer_content":"","footnotes":""},"class_list":["post-78","page","type-page","status-publish","hentry"],"_links":{"self":[{"href":"https:\/\/mrs.co.mz\/index.php\/wp-json\/wp\/v2\/pages\/78","targetHints":{"allow":["GET"]}}],"collection":[{"href":"https:\/\/mrs.co.mz\/index.php\/wp-json\/wp\/v2\/pages"}],"about":[{"href":"https:\/\/mrs.co.mz\/index.php\/wp-json\/wp\/v2\/types\/page"}],"author":[{"embeddable":true,"href":"https:\/\/mrs.co.mz\/index.php\/wp-json\/wp\/v2\/users\/2"}],"replies":[{"embeddable":true,"href":"https:\/\/mrs.co.mz\/index.php\/wp-json\/wp\/v2\/comments?post=78"}],"version-history":[{"count":1,"href":"https:\/\/mrs.co.mz\/index.php\/wp-json\/wp\/v2\/pages\/78\/revisions"}],"predecessor-version":[{"id":79,"href":"https:\/\/mrs.co.mz\/index.php\/wp-json\/wp\/v2\/pages\/78\/revisions\/79"}],"wp:attachment":[{"href":"https:\/\/mrs.co.mz\/index.php\/wp-json\/wp\/v2\/media?parent=78"}],"curies":[{"name":"wp","href":"https:\/\/api.w.org\/{rel}","templated":true}]}}